{"id":10,"date":"2015-07-01T11:12:03","date_gmt":"2015-07-01T09:12:03","guid":{"rendered":"http:\/\/fonixfogado.hu\/?page_id=10"},"modified":"2025-12-22T14:52:21","modified_gmt":"2025-12-22T12:52:21","slug":"panzio","status":"publish","type":"page","link":"http:\/\/fonixfogado.hu\/de\/panzio\/","title":{"rendered":"Pension"},"content":{"rendered":"<p>\n\t\t<style type=\"text\/css\">\n\t\t\t#gallery-2 {\n\t\t\t\tmargin: auto;\n\t\t\t}\n\t\t\t#gallery-2 .gallery-item {\n\t\t\t\tfloat: left;\n\t\t\t\tmargin-top: 10px;\n\t\t\t\ttext-align: center;\n\t\t\t\twidth: 25%;\n\t\t\t}\n\t\t\t#gallery-2 img {\n\t\t\t\tborder: 2px solid #cfcfcf;\n\t\t\t}\n\t\t\t#gallery-2 .gallery-caption {\n\t\t\t\tmargin-left: 0;\n\t\t\t}\n\t\t\t\/* see gallery_shortcode() in wp-includes\/media.php *\/\n\t\t<\/style>\n\t\t<div id='gallery-2' class='gallery galleryid-10 gallery-columns-4 gallery-size-thumbnail'><dl class='gallery-item'>\n\t\t\t<dt class='gallery-icon landscape'>\n\t\t\t\t<a class=\"grouped_elements\" rel=\"tc-fancybox-group\" href=\"http:\/\/fonixfogado.hu\/wp-content\/uploads\/2015\/07\/img00013-1.jpg\" title=\"&quot;A&quot; panzi\u00f3\"><img loading=\"lazy\" decoding=\"async\" width=\"150\" height=\"150\" src=\"http:\/\/fonixfogado.hu\/wp-content\/uploads\/2015\/07\/img00013-1-150x150.jpg\" class=\"attachment-thumbnail size-thumbnail\" alt=\"\" \/><\/a>\n\t\t\t<\/dt>\n\t\t\t\t<dd class='wp-caption-text gallery-caption' id='gallery-2-8'>\n\t\t\t\t&#8222;A&#8220; panzi\u00f3 el\u0151t\u00e9r\n\t\t\t\t<\/dd><\/dl><dl class='gallery-item'>\n\t\t\t<dt class='gallery-icon landscape'>\n\t\t\t\t<a class=\"grouped_elements\" rel=\"tc-fancybox-group\" href=\"http:\/\/fonixfogado.hu\/wp-content\/uploads\/2015\/07\/img00004-1.jpg\" title=\"img00004 (1)\"><img loading=\"lazy\" decoding=\"async\" width=\"150\" height=\"150\" src=\"http:\/\/fonixfogado.hu\/wp-content\/uploads\/2015\/07\/img00004-1-150x150.jpg\" class=\"attachment-thumbnail size-thumbnail\" alt=\"\" \/><\/a>\n\t\t\t<\/dt><\/dl><dl class='gallery-item'>\n\t\t\t<dt class='gallery-icon landscape'>\n\t\t\t\t<a class=\"grouped_elements\" rel=\"tc-fancybox-group\" href=\"http:\/\/fonixfogado.hu\/wp-content\/uploads\/2015\/07\/img00004.jpg\" title=\"img00004\"><img loading=\"lazy\" decoding=\"async\" width=\"150\" height=\"150\" src=\"http:\/\/fonixfogado.hu\/wp-content\/uploads\/2015\/07\/img00004-150x150.jpg\" class=\"attachment-thumbnail size-thumbnail\" alt=\"\" \/><\/a>\n\t\t\t<\/dt>\n\t\t\t\t<dd class='wp-caption-text gallery-caption' id='gallery-2-5'>\n\t\t\t\t&#8222;A&#8220; panzi\u00f3\n\t\t\t\t<\/dd><\/dl>\n\t\t\t<br style='clear: both' \/>\n\t\t<\/div>\n<\/p>\n<p>Das Gasthaus F\u0151nix befindet sich in ruiger Umgebung in der Stadtmitte und in der N\u00e4he des Bades. Unser Gasthaus bietet mit seinen 6 Zimmern f\u00fcr 17 G\u00e4ste komfortable Unterkunftm\u00f6glichkeiten im ganzen Jahr.<\/p>\n<p>Alle unserer Zimmer sind mit Bad, Fernseher und Klimaanlage versorgt. Eine hauseigene Innenarchitektur und eine schattenreiche Terasse erwarten unsere G\u00e4ste.<br \/>\nWLAN ist in dem Zimmer\/der Wohneinheit nutzbar und ist kostenfrei.<br \/>\nPrivate Parkpl\u00e4tze stehen kostenfrei an der Unterkunft (Reservierung ist nicht erforderlich) zur Verf\u00fcgung.<\/p>\n<p>Nach telefonischer Anmeldungen k\u00f6nnen unsere G\u00e4ste eine kostenlose Zahnarzt untersuchung in Anspruch nehmen.<\/p>\n<p>Unsere G\u00e4ste erhalten 50% Erm\u00e4\u00dfigung vom Preis der Hautkrebs-Schreening in der dermatologischen Praxis in dem angrenzenden Geb\u00e4ude stattfindet.<\/p>\n<p>Zahlungsmittel:<br \/>\nBargeld (HUF, EUR, USD), \u00dcberweisung, Kreditkarte (MasterCard, VISA)<br \/>\n<\/p>","protected":false},"excerpt":{"rendered":"<p>Das Gasthaus F\u0151nix befindet sich in ruiger Umgebung in der Stadtmitte und in der N\u00e4he des Bades. Unser Gasthaus bietet mit seinen 6 Zimmern f\u00fcr 17 G\u00e4ste komfortable Unterkunftm\u00f6glichkeiten im ganzen Jahr. Alle unserer Zimmer sind mit Bad, Fernseher und Klimaanlage versorgt. Eine hauseigene Innenarchitektur und eine schattenreiche Terasse erwarten unsere G\u00e4ste. WLAN ist in [&hellip;]<\/p>\n","protected":false},"author":2,"featured_media":1277,"parent":0,"menu_order":0,"comment_status":"closed","ping_status":"closed","template":"","meta":{"footnotes":""},"class_list":["post-10","page","type-page","status-publish","has-post-thumbnail","czr-hentry"],"_links":{"self":[{"href":"http:\/\/fonixfogado.hu\/de\/wp-json\/wp\/v2\/pages\/10","targetHints":{"allow":["GET"]}}],"collection":[{"href":"http:\/\/fonixfogado.hu\/de\/wp-json\/wp\/v2\/pages"}],"about":[{"href":"http:\/\/fonixfogado.hu\/de\/wp-json\/wp\/v2\/types\/page"}],"author":[{"embeddable":true,"href":"http:\/\/fonixfogado.hu\/de\/wp-json\/wp\/v2\/users\/2"}],"replies":[{"embeddable":true,"href":"http:\/\/fonixfogado.hu\/de\/wp-json\/wp\/v2\/comments?post=10"}],"version-history":[{"count":1,"href":"http:\/\/fonixfogado.hu\/de\/wp-json\/wp\/v2\/pages\/10\/revisions"}],"predecessor-version":[{"id":2616,"href":"http:\/\/fonixfogado.hu\/de\/wp-json\/wp\/v2\/pages\/10\/revisions\/2616"}],"wp:featuredmedia":[{"embeddable":true,"href":"http:\/\/fonixfogado.hu\/de\/wp-json\/wp\/v2\/media\/1277"}],"wp:attachment":[{"href":"http:\/\/fonixfogado.hu\/de\/wp-json\/wp\/v2\/media?parent=10"}],"curies":[{"name":"wp","href":"https:\/\/api.w.org\/{rel}","templated":true}]}}