{"id":1061,"date":"2019-08-30T17:57:38","date_gmt":"2019-08-30T15:57:38","guid":{"rendered":"http:\/\/fonixfogado.hu\/?page_id=1061"},"modified":"2025-12-22T14:51:14","modified_gmt":"2025-12-22T12:51:14","slug":"kisfaludy-program-kereteben-megvalosulo-fejlesztesek","status":"publish","type":"page","link":"http:\/\/fonixfogado.hu\/de\/kisfaludy-program-kereteben-megvalosulo-fejlesztesek\/","title":{"rendered":"(Magyar) Kisfaludy Program keret\u00e9ben megval\u00f3sul\u00f3 fejleszt\u00e9sek"},"content":{"rendered":"<p class=\"qtranxs-available-languages-message qtranxs-available-languages-message-de\">Leider ist der Eintrag nur auf <a href=\"http:\/\/fonixfogado.hu\/hu\/wp-json\/wp\/v2\/pages\/1061\" class=\"qtranxs-available-language-link qtranxs-available-language-link-hu\" title=\"Magyar\">Magyar<\/a> verf\u00fcgbar.<\/p>","protected":false},"excerpt":{"rendered":"<p>Leider ist der Eintrag nur auf Magyar verf\u00fcgbar.<\/p>\n","protected":false},"author":1,"featured_media":0,"parent":0,"menu_order":0,"comment_status":"closed","ping_status":"closed","template":"","meta":{"footnotes":""},"class_list":["post-1061","page","type-page","status-publish","czr-hentry"],"_links":{"self":[{"href":"http:\/\/fonixfogado.hu\/de\/wp-json\/wp\/v2\/pages\/1061","targetHints":{"allow":["GET"]}}],"collection":[{"href":"http:\/\/fonixfogado.hu\/de\/wp-json\/wp\/v2\/pages"}],"about":[{"href":"http:\/\/fonixfogado.hu\/de\/wp-json\/wp\/v2\/types\/page"}],"author":[{"embeddable":true,"href":"http:\/\/fonixfogado.hu\/de\/wp-json\/wp\/v2\/users\/1"}],"replies":[{"embeddable":true,"href":"http:\/\/fonixfogado.hu\/de\/wp-json\/wp\/v2\/comments?post=1061"}],"version-history":[{"count":1,"href":"http:\/\/fonixfogado.hu\/de\/wp-json\/wp\/v2\/pages\/1061\/revisions"}],"predecessor-version":[{"id":2614,"href":"http:\/\/fonixfogado.hu\/de\/wp-json\/wp\/v2\/pages\/1061\/revisions\/2614"}],"wp:attachment":[{"href":"http:\/\/fonixfogado.hu\/de\/wp-json\/wp\/v2\/media?parent=1061"}],"curies":[{"name":"wp","href":"https:\/\/api.w.org\/{rel}","templated":true}]}}