{"id":12,"date":"2015-07-01T11:12:41","date_gmt":"2015-07-01T09:12:41","guid":{"rendered":"http:\/\/fonixfogado.hu\/?page_id=12"},"modified":"2025-12-22T14:47:14","modified_gmt":"2025-12-22T12:47:14","slug":"etterem","status":"publish","type":"page","link":"http:\/\/fonixfogado.hu\/de\/etterem\/","title":{"rendered":"Restaurant"},"content":{"rendered":"<p>\n\t\t<style type=\"text\/css\">\n\t\t\t#gallery-2 {\n\t\t\t\tmargin: auto;\n\t\t\t}\n\t\t\t#gallery-2 .gallery-item {\n\t\t\t\tfloat: left;\n\t\t\t\tmargin-top: 10px;\n\t\t\t\ttext-align: center;\n\t\t\t\twidth: 25%;\n\t\t\t}\n\t\t\t#gallery-2 img {\n\t\t\t\tborder: 2px solid #cfcfcf;\n\t\t\t}\n\t\t\t#gallery-2 .gallery-caption {\n\t\t\t\tmargin-left: 0;\n\t\t\t}\n\t\t\t\/* see gallery_shortcode() in wp-includes\/media.php *\/\n\t\t<\/style>\n\t\t<div id='gallery-2' class='gallery galleryid-12 gallery-columns-4 gallery-size-thumbnail'><dl class='gallery-item'>\n\t\t\t<dt class='gallery-icon landscape'>\n\t\t\t\t<a class=\"grouped_elements\" rel=\"tc-fancybox-group\" href=\"http:\/\/fonixfogado.hu\/wp-content\/uploads\/2015\/07\/6847747.jpg\" title=\"6847747\"><img loading=\"lazy\" decoding=\"async\" width=\"150\" height=\"150\" src=\"http:\/\/fonixfogado.hu\/wp-content\/uploads\/2015\/07\/6847747-150x150.jpg\" class=\"attachment-thumbnail size-thumbnail\" alt=\"\" \/><\/a>\n\t\t\t<\/dt><\/dl><dl class='gallery-item'>\n\t\t\t<dt class='gallery-icon landscape'>\n\t\t\t\t<a class=\"grouped_elements\" rel=\"tc-fancybox-group\" href=\"http:\/\/fonixfogado.hu\/wp-content\/uploads\/2015\/07\/img00006.jpg\" title=\"img00006\"><img loading=\"lazy\" decoding=\"async\" width=\"150\" height=\"150\" src=\"http:\/\/fonixfogado.hu\/wp-content\/uploads\/2015\/07\/img00006-150x150.jpg\" class=\"attachment-thumbnail size-thumbnail\" alt=\"\" \/><\/a>\n\t\t\t<\/dt><\/dl><dl class='gallery-item'>\n\t\t\t<dt class='gallery-icon landscape'>\n\t\t\t\t<a class=\"grouped_elements\" rel=\"tc-fancybox-group\" href=\"http:\/\/fonixfogado.hu\/wp-content\/uploads\/2015\/07\/img00013.jpg\" title=\"img00013\"><img loading=\"lazy\" decoding=\"async\" width=\"150\" height=\"150\" src=\"http:\/\/fonixfogado.hu\/wp-content\/uploads\/2015\/07\/img00013-150x150.jpg\" class=\"attachment-thumbnail size-thumbnail\" alt=\"\" \/><\/a>\n\t\t\t<\/dt><\/dl><dl class='gallery-item'>\n\t\t\t<dt class='gallery-icon landscape'>\n\t\t\t\t<a class=\"grouped_elements\" rel=\"tc-fancybox-group\" href=\"http:\/\/fonixfogado.hu\/wp-content\/uploads\/2015\/07\/img00004.jpg\" title=\"img00004\"><img loading=\"lazy\" decoding=\"async\" width=\"150\" height=\"150\" src=\"http:\/\/fonixfogado.hu\/wp-content\/uploads\/2015\/07\/img00004-150x150.jpg\" class=\"attachment-thumbnail size-thumbnail\" alt=\"\" \/><\/a>\n\t\t\t<\/dt>\n\t\t\t\t<dd class='wp-caption-text gallery-caption' id='gallery-2-5'>\n\t\t\t\t&#8222;A&#8220; panzi\u00f3\n\t\t\t\t<\/dd><\/dl><br style=\"clear: both\" \/>\n\t\t<\/div>\n<\/p>\n<p>Unser Restaurant bietet den hungrigen G\u00e4sten h\u00e4usliche und ungarische Speisespezialit\u00e4ten. Der einzigartige Innerarchitecktische Style und die Terasse im Schatten sorgen f\u00fcr den Komfort unserer G\u00e4ste.<br \/>\nUnser Restaurant ist ein Meilenstein in der Gastfreundschaft. Wir finden hier sowohl die ungarischen und internationalen traditionellen Spezialit\u00e4ten als auch die Spezialit\u00e4ten aus dem Reformalter.<br \/>\nWir k\u00f6nnen Ihnen ausgezeichnete ungarische Weine zu allen Speisen empfehlen. Ausserdem k\u00f6nnen wir unseren G\u00e4sten verschiedene Kaffeespezialit\u00e4ten anbieten, die sie auch auf der Terrasse trinken k\u00f6nnen.<\/p>\n<p>In dem Restaurant f\u00fcr 80 Personen, drau\u00dfen auf einer stimmungvolle, bedeckte Terrasse f\u00fcr 50 Personen k\u00f6nnen wir kultiviertes Essen anbieten. F\u00fcr Konferenzen, Veranstaltungen bieten wir ein separaten Raum f\u00fcr 38 Personen an.<br \/>\n<\/p>","protected":false},"excerpt":{"rendered":"<p>Unser Restaurant bietet den hungrigen G\u00e4sten h\u00e4usliche und ungarische Speisespezialit\u00e4ten. Der einzigartige Innerarchitecktische Style und die Terasse im Schatten sorgen f\u00fcr den Komfort unserer G\u00e4ste. Unser Restaurant ist ein Meilenstein in der Gastfreundschaft. Wir finden hier sowohl die ungarischen und internationalen traditionellen Spezialit\u00e4ten als auch die Spezialit\u00e4ten aus dem Reformalter. Wir k\u00f6nnen Ihnen ausgezeichnete ungarische [&hellip;]<\/p>\n","protected":false},"author":2,"featured_media":9,"parent":0,"menu_order":0,"comment_status":"open","ping_status":"open","template":"","meta":{"footnotes":""},"class_list":["post-12","page","type-page","status-publish","has-post-thumbnail","czr-hentry"],"_links":{"self":[{"href":"http:\/\/fonixfogado.hu\/de\/wp-json\/wp\/v2\/pages\/12","targetHints":{"allow":["GET"]}}],"collection":[{"href":"http:\/\/fonixfogado.hu\/de\/wp-json\/wp\/v2\/pages"}],"about":[{"href":"http:\/\/fonixfogado.hu\/de\/wp-json\/wp\/v2\/types\/page"}],"author":[{"embeddable":true,"href":"http:\/\/fonixfogado.hu\/de\/wp-json\/wp\/v2\/users\/2"}],"replies":[{"embeddable":true,"href":"http:\/\/fonixfogado.hu\/de\/wp-json\/wp\/v2\/comments?post=12"}],"version-history":[{"count":1,"href":"http:\/\/fonixfogado.hu\/de\/wp-json\/wp\/v2\/pages\/12\/revisions"}],"predecessor-version":[{"id":2609,"href":"http:\/\/fonixfogado.hu\/de\/wp-json\/wp\/v2\/pages\/12\/revisions\/2609"}],"wp:featuredmedia":[{"embeddable":true,"href":"http:\/\/fonixfogado.hu\/de\/wp-json\/wp\/v2\/media\/9"}],"wp:attachment":[{"href":"http:\/\/fonixfogado.hu\/de\/wp-json\/wp\/v2\/media?parent=12"}],"curies":[{"name":"wp","href":"https:\/\/api.w.org\/{rel}","templated":true}]}}