{"id":24,"date":"2015-07-01T11:21:05","date_gmt":"2015-07-01T09:21:05","guid":{"rendered":"http:\/\/fonixfogado.hu\/?page_id=24"},"modified":"2025-12-22T14:48:34","modified_gmt":"2025-12-22T12:48:34","slug":"galeria","status":"publish","type":"page","link":"http:\/\/fonixfogado.hu\/de\/galeria\/","title":{"rendered":"Galerie"},"content":{"rendered":"<p><strong>Restaurant<\/strong><\/p>\n<p>\n\t\t<style type=\"text\/css\">\n\t\t\t#gallery-4 {\n\t\t\t\tmargin: auto;\n\t\t\t}\n\t\t\t#gallery-4 .gallery-item {\n\t\t\t\tfloat: left;\n\t\t\t\tmargin-top: 10px;\n\t\t\t\ttext-align: center;\n\t\t\t\twidth: 25%;\n\t\t\t}\n\t\t\t#gallery-4 img {\n\t\t\t\tborder: 2px solid #cfcfcf;\n\t\t\t}\n\t\t\t#gallery-4 .gallery-caption {\n\t\t\t\tmargin-left: 0;\n\t\t\t}\n\t\t\t\/* see gallery_shortcode() in wp-includes\/media.php *\/\n\t\t<\/style>\n\t\t<div id='gallery-4' class='gallery galleryid-24 gallery-columns-4 gallery-size-thumbnail'><dl class='gallery-item'>\n\t\t\t<dt class='gallery-icon landscape'>\n\t\t\t\t<a class=\"grouped_elements\" rel=\"tc-fancybox-group\" href=\"http:\/\/fonixfogado.hu\/wp-content\/uploads\/2015\/07\/6847747.jpg\" title=\"6847747\"><img loading=\"lazy\" decoding=\"async\" width=\"150\" height=\"150\" src=\"http:\/\/fonixfogado.hu\/wp-content\/uploads\/2015\/07\/6847747-150x150.jpg\" class=\"attachment-thumbnail size-thumbnail\" alt=\"\" \/><\/a>\n\t\t\t<\/dt><\/dl><dl class='gallery-item'>\n\t\t\t<dt class='gallery-icon landscape'>\n\t\t\t\t<a class=\"grouped_elements\" rel=\"tc-fancybox-group\" href=\"http:\/\/fonixfogado.hu\/wp-content\/uploads\/2015\/07\/img00006.jpg\" title=\"img00006\"><img loading=\"lazy\" decoding=\"async\" width=\"150\" height=\"150\" src=\"http:\/\/fonixfogado.hu\/wp-content\/uploads\/2015\/07\/img00006-150x150.jpg\" class=\"attachment-thumbnail size-thumbnail\" alt=\"\" \/><\/a>\n\t\t\t<\/dt><\/dl><dl class='gallery-item'>\n\t\t\t<dt class='gallery-icon landscape'>\n\t\t\t\t<a class=\"grouped_elements\" rel=\"tc-fancybox-group\" href=\"http:\/\/fonixfogado.hu\/wp-content\/uploads\/2015\/07\/img00013.jpg\" title=\"img00013\"><img loading=\"lazy\" decoding=\"async\" width=\"150\" height=\"150\" src=\"http:\/\/fonixfogado.hu\/wp-content\/uploads\/2015\/07\/img00013-150x150.jpg\" class=\"attachment-thumbnail size-thumbnail\" alt=\"\" \/><\/a>\n\t\t\t<\/dt><\/dl><dl class='gallery-item'>\n\t\t\t<dt class='gallery-icon landscape'>\n\t\t\t\t<a class=\"grouped_elements\" rel=\"tc-fancybox-group\" href=\"http:\/\/fonixfogado.hu\/wp-content\/uploads\/2015\/07\/img00004.jpg\" title=\"img00004\"><img loading=\"lazy\" decoding=\"async\" width=\"150\" height=\"150\" src=\"http:\/\/fonixfogado.hu\/wp-content\/uploads\/2015\/07\/img00004-150x150.jpg\" class=\"attachment-thumbnail size-thumbnail\" alt=\"\" \/><\/a>\n\t\t\t<\/dt>\n\t\t\t\t<dd class='wp-caption-text gallery-caption' id='gallery-4-5'>\n\t\t\t\t&#8222;A&#8220; panzi\u00f3\n\t\t\t\t<\/dd><\/dl><br style=\"clear: both\" \/>\n\t\t<\/div>\n<br \/>\n<strong>Pension<\/strong><\/p>\n<p>\n\t\t<style type=\"text\/css\">\n\t\t\t#gallery-5 {\n\t\t\t\tmargin: auto;\n\t\t\t}\n\t\t\t#gallery-5 .gallery-item {\n\t\t\t\tfloat: left;\n\t\t\t\tmargin-top: 10px;\n\t\t\t\ttext-align: center;\n\t\t\t\twidth: 25%;\n\t\t\t}\n\t\t\t#gallery-5 img {\n\t\t\t\tborder: 2px solid #cfcfcf;\n\t\t\t}\n\t\t\t#gallery-5 .gallery-caption {\n\t\t\t\tmargin-left: 0;\n\t\t\t}\n\t\t\t\/* see gallery_shortcode() in wp-includes\/media.php *\/\n\t\t<\/style>\n\t\t<div id='gallery-5' class='gallery galleryid-24 gallery-columns-4 gallery-size-thumbnail'><dl class='gallery-item'>\n\t\t\t<dt class='gallery-icon landscape'>\n\t\t\t\t<a class=\"grouped_elements\" rel=\"tc-fancybox-group\" href=\"http:\/\/fonixfogado.hu\/wp-content\/uploads\/2015\/07\/img00013-1.jpg\" title=\"&quot;A&quot; panzi\u00f3\"><img loading=\"lazy\" decoding=\"async\" width=\"150\" height=\"150\" src=\"http:\/\/fonixfogado.hu\/wp-content\/uploads\/2015\/07\/img00013-1-150x150.jpg\" class=\"attachment-thumbnail size-thumbnail\" alt=\"\" \/><\/a>\n\t\t\t<\/dt>\n\t\t\t\t<dd class='wp-caption-text gallery-caption' id='gallery-5-8'>\n\t\t\t\t&#8222;A&#8220; panzi\u00f3 el\u0151t\u00e9r\n\t\t\t\t<\/dd><\/dl><dl class='gallery-item'>\n\t\t\t<dt class='gallery-icon landscape'>\n\t\t\t\t<a class=\"grouped_elements\" rel=\"tc-fancybox-group\" href=\"http:\/\/fonixfogado.hu\/wp-content\/uploads\/2015\/07\/img00004-1.jpg\" title=\"img00004 (1)\"><img loading=\"lazy\" decoding=\"async\" width=\"150\" height=\"150\" src=\"http:\/\/fonixfogado.hu\/wp-content\/uploads\/2015\/07\/img00004-1-150x150.jpg\" class=\"attachment-thumbnail size-thumbnail\" alt=\"\" \/><\/a>\n\t\t\t<\/dt><\/dl><dl class='gallery-item'>\n\t\t\t<dt class='gallery-icon landscape'>\n\t\t\t\t<a class=\"grouped_elements\" rel=\"tc-fancybox-group\" href=\"http:\/\/fonixfogado.hu\/wp-content\/uploads\/2015\/07\/img00004.jpg\" title=\"img00004\"><img loading=\"lazy\" decoding=\"async\" width=\"150\" height=\"150\" src=\"http:\/\/fonixfogado.hu\/wp-content\/uploads\/2015\/07\/img00004-150x150.jpg\" class=\"attachment-thumbnail size-thumbnail\" alt=\"\" \/><\/a>\n\t\t\t<\/dt>\n\t\t\t\t<dd class='wp-caption-text gallery-caption' id='gallery-5-5'>\n\t\t\t\t&#8222;A&#8220; panzi\u00f3\n\t\t\t\t<\/dd><\/dl>\n\t\t\t<br style='clear: both' \/>\n\t\t<\/div>\n<br \/>\n<strong>Thermalbad<\/strong><\/p>\n<p>\n\t\t<style type=\"text\/css\">\n\t\t\t#gallery-6 {\n\t\t\t\tmargin: auto;\n\t\t\t}\n\t\t\t#gallery-6 .gallery-item {\n\t\t\t\tfloat: left;\n\t\t\t\tmargin-top: 10px;\n\t\t\t\ttext-align: center;\n\t\t\t\twidth: 25%;\n\t\t\t}\n\t\t\t#gallery-6 img {\n\t\t\t\tborder: 2px solid #cfcfcf;\n\t\t\t}\n\t\t\t#gallery-6 .gallery-caption {\n\t\t\t\tmargin-left: 0;\n\t\t\t}\n\t\t\t\/* see gallery_shortcode() in wp-includes\/media.php *\/\n\t\t<\/style>\n\t\t<div id='gallery-6' class='gallery galleryid-24 gallery-columns-4 gallery-size-thumbnail'><dl class='gallery-item'>\n\t\t\t<dt class='gallery-icon landscape'>\n\t\t\t\t<a class=\"grouped_elements\" rel=\"tc-fancybox-group\" href=\"http:\/\/fonixfogado.hu\/wp-content\/uploads\/2015\/07\/img00009.jpg\" title=\"Cs\u00faszd\u00e1s \u00e9lm\u00e9nymedence\"><img loading=\"lazy\" decoding=\"async\" width=\"150\" height=\"150\" src=\"http:\/\/fonixfogado.hu\/wp-content\/uploads\/2015\/07\/img00009-150x150.jpg\" class=\"attachment-thumbnail size-thumbnail\" alt=\"Cs\u00faszd\u00e1s \u00e9lm\u00e9nymedence\" \/><\/a>\n\t\t\t<\/dt><\/dl><dl class='gallery-item'>\n\t\t\t<dt class='gallery-icon landscape'>\n\t\t\t\t<a class=\"grouped_elements\" rel=\"tc-fancybox-group\" href=\"http:\/\/fonixfogado.hu\/wp-content\/uploads\/2015\/07\/8972718639.jpg\" title=\"Cs\u00faszd\u00e1s \u00e9lm\u00e9nymedence\"><img loading=\"lazy\" decoding=\"async\" width=\"150\" height=\"150\" src=\"http:\/\/fonixfogado.hu\/wp-content\/uploads\/2015\/07\/8972718639-150x150.jpg\" class=\"attachment-thumbnail size-thumbnail\" alt=\"Cs\u00faszd\u00e1s \u00e9lm\u00e9nymedence\" \/><\/a>\n\t\t\t<\/dt><\/dl><dl class='gallery-item'>\n\t\t\t<dt class='gallery-icon landscape'>\n\t\t\t\t<a class=\"grouped_elements\" rel=\"tc-fancybox-group\" href=\"http:\/\/fonixfogado.hu\/wp-content\/uploads\/2015\/07\/9984892912.jpg\" title=\"Cs\u00faszd\u00e1s \u00e9lm\u00e9nymedence\"><img loading=\"lazy\" decoding=\"async\" width=\"150\" height=\"150\" src=\"http:\/\/fonixfogado.hu\/wp-content\/uploads\/2015\/07\/9984892912-150x150.jpg\" class=\"attachment-thumbnail size-thumbnail\" alt=\"Cs\u00faszd\u00e1s \u00e9lm\u00e9nymedence\" \/><\/a>\n\t\t\t<\/dt><\/dl><dl class='gallery-item'>\n\t\t\t<dt class='gallery-icon landscape'>\n\t\t\t\t<a class=\"grouped_elements\" rel=\"tc-fancybox-group\" href=\"http:\/\/fonixfogado.hu\/wp-content\/uploads\/2015\/07\/7966303976.jpg\" title=\"Szent Gy\u00f6rgy Energiapark\"><img loading=\"lazy\" decoding=\"async\" width=\"150\" height=\"150\" src=\"http:\/\/fonixfogado.hu\/wp-content\/uploads\/2015\/07\/7966303976-150x150.jpg\" class=\"attachment-thumbnail size-thumbnail\" alt=\"Szent Gy\u00f6rgy Energiapark\" \/><\/a>\n\t\t\t<\/dt><\/dl><br style=\"clear: both\" \/><dl class='gallery-item'>\n\t\t\t<dt class='gallery-icon landscape'>\n\t\t\t\t<a class=\"grouped_elements\" rel=\"tc-fancybox-group\" href=\"http:\/\/fonixfogado.hu\/wp-content\/uploads\/2015\/07\/6821561113.jpg\" title=\"Szabadt\u00e9ri gy\u00f3gymedence\"><img loading=\"lazy\" decoding=\"async\" width=\"150\" height=\"150\" src=\"http:\/\/fonixfogado.hu\/wp-content\/uploads\/2015\/07\/6821561113-150x150.jpg\" class=\"attachment-thumbnail size-thumbnail\" alt=\"Szabadt\u00e9ri gy\u00f3gymedence\" \/><\/a>\n\t\t\t<\/dt><\/dl><dl class='gallery-item'>\n\t\t\t<dt class='gallery-icon landscape'>\n\t\t\t\t<a class=\"grouped_elements\" rel=\"tc-fancybox-group\" href=\"http:\/\/fonixfogado.hu\/wp-content\/uploads\/2015\/07\/5279356936.jpg\" title=\"Fedett f\u00fcrd\u0151\"><img loading=\"lazy\" decoding=\"async\" width=\"150\" height=\"150\" src=\"http:\/\/fonixfogado.hu\/wp-content\/uploads\/2015\/07\/5279356936-150x150.jpg\" class=\"attachment-thumbnail size-thumbnail\" alt=\"Fedett f\u00fcrd\u0151\" \/><\/a>\n\t\t\t<\/dt><\/dl><dl class='gallery-item'>\n\t\t\t<dt class='gallery-icon landscape'>\n\t\t\t\t<a class=\"grouped_elements\" rel=\"tc-fancybox-group\" href=\"http:\/\/fonixfogado.hu\/wp-content\/uploads\/2015\/07\/2789484186.jpg\" title=\"Fedett f\u00fcrd\u0151\"><img loading=\"lazy\" decoding=\"async\" width=\"150\" height=\"150\" src=\"http:\/\/fonixfogado.hu\/wp-content\/uploads\/2015\/07\/2789484186-150x150.jpg\" class=\"attachment-thumbnail size-thumbnail\" alt=\"Fedett f\u00fcrd\u0151\" \/><\/a>\n\t\t\t<\/dt><\/dl><dl class='gallery-item'>\n\t\t\t<dt class='gallery-icon landscape'>\n\t\t\t\t<a class=\"grouped_elements\" rel=\"tc-fancybox-group\" href=\"http:\/\/fonixfogado.hu\/wp-content\/uploads\/2015\/07\/1414364471.jpg\" title=\"Szauna\"><img loading=\"lazy\" decoding=\"async\" width=\"150\" height=\"150\" src=\"http:\/\/fonixfogado.hu\/wp-content\/uploads\/2015\/07\/1414364471-150x150.jpg\" class=\"attachment-thumbnail size-thumbnail\" alt=\"Szauna\" \/><\/a>\n\t\t\t<\/dt><\/dl><br style=\"clear: both\" \/>\n\t\t<\/div>\n<br \/>\n<strong>Umgebung<\/strong><\/p>\n<p>&#8230;<br \/>\n<\/p>","protected":false},"excerpt":{"rendered":"<p>Restaurant Pension Thermalbad Umgebung &#8230;<\/p>\n","protected":false},"author":2,"featured_media":5,"parent":0,"menu_order":0,"comment_status":"closed","ping_status":"closed","template":"","meta":{"footnotes":""},"class_list":["post-24","page","type-page","status-publish","has-post-thumbnail","czr-hentry"],"_links":{"self":[{"href":"http:\/\/fonixfogado.hu\/de\/wp-json\/wp\/v2\/pages\/24","targetHints":{"allow":["GET"]}}],"collection":[{"href":"http:\/\/fonixfogado.hu\/de\/wp-json\/wp\/v2\/pages"}],"about":[{"href":"http:\/\/fonixfogado.hu\/de\/wp-json\/wp\/v2\/types\/page"}],"author":[{"embeddable":true,"href":"http:\/\/fonixfogado.hu\/de\/wp-json\/wp\/v2\/users\/2"}],"replies":[{"embeddable":true,"href":"http:\/\/fonixfogado.hu\/de\/wp-json\/wp\/v2\/comments?post=24"}],"version-history":[{"count":1,"href":"http:\/\/fonixfogado.hu\/de\/wp-json\/wp\/v2\/pages\/24\/revisions"}],"predecessor-version":[{"id":2610,"href":"http:\/\/fonixfogado.hu\/de\/wp-json\/wp\/v2\/pages\/24\/revisions\/2610"}],"wp:featuredmedia":[{"embeddable":true,"href":"http:\/\/fonixfogado.hu\/de\/wp-json\/wp\/v2\/media\/5"}],"wp:attachment":[{"href":"http:\/\/fonixfogado.hu\/de\/wp-json\/wp\/v2\/media?parent=24"}],"curies":[{"name":"wp","href":"https:\/\/api.w.org\/{rel}","templated":true}]}}