{"id":26,"date":"2015-07-01T11:21:30","date_gmt":"2015-07-01T09:21:30","guid":{"rendered":"http:\/\/fonixfogado.hu\/?page_id=26"},"modified":"2025-12-22T14:50:21","modified_gmt":"2025-12-22T12:50:21","slug":"kapcsolat","status":"publish","type":"page","link":"http:\/\/fonixfogado.hu\/de\/kapcsolat\/","title":{"rendered":"Kontakt"},"content":{"rendered":"<p><strong>Adresse<\/strong><br \/>\nF\u0151nix Fogad\u00f3<br \/>\nH-8960 Lenti, Ak\u00e1cfa \u00fat 17.<\/p>\n<p><strong>Post Brief<\/strong><br \/>\nF\u0151nix Fogad\u00f3<br \/>\nH-8960 Lenti, Ak\u00e1cfa \u00fat 17.\t <\/p>\n<p><strong>Telefon<\/strong><br \/>\nMobil:\t36-30\/552-3693<br \/>\nTel.:\t36-92\/351-825<br \/>\nFax.:\t36-92\/351-825<\/p>\n<p><strong>E-mail<\/strong><br \/>\ninfo@fonixfogado.hu<\/p>\n<p><strong>Landkarte<\/strong><\/p>\n<p><iframe loading=\"lazy\" src=\"https:\/\/www.google.com\/maps\/embed?pb=!1m14!1m8!1m3!1d1147.030076643277!2d16.533334!3d46.626203!3m2!1i1024!2i768!4f13.1!3m3!1m2!1s0x0%3A0x0!2zNDbCsDM3JzM0LjQiTiAxNsKwMzInMDAuNSJF!5e1!3m2!1shu!2sus!4v1435743644023\" width=\"600\" height=\"450\" frameborder=\"0\" style=\"border:0\" allowfullscreen><\/iframe><br \/>\n<\/p>","protected":false},"excerpt":{"rendered":"<p>Adresse F\u0151nix Fogad\u00f3 H-8960 Lenti, Ak\u00e1cfa \u00fat 17. Post Brief F\u0151nix Fogad\u00f3 H-8960 Lenti, Ak\u00e1cfa \u00fat 17. Telefon Mobil: 36-30\/552-3693 Tel.: 36-92\/351-825 Fax.: 36-92\/351-825 E-mail info@fonixfogado.hu Landkarte<\/p>\n","protected":false},"author":2,"featured_media":154,"parent":0,"menu_order":0,"comment_status":"closed","ping_status":"closed","template":"","meta":{"footnotes":""},"class_list":["post-26","page","type-page","status-publish","has-post-thumbnail","czr-hentry"],"_links":{"self":[{"href":"http:\/\/fonixfogado.hu\/de\/wp-json\/wp\/v2\/pages\/26","targetHints":{"allow":["GET"]}}],"collection":[{"href":"http:\/\/fonixfogado.hu\/de\/wp-json\/wp\/v2\/pages"}],"about":[{"href":"http:\/\/fonixfogado.hu\/de\/wp-json\/wp\/v2\/types\/page"}],"author":[{"embeddable":true,"href":"http:\/\/fonixfogado.hu\/de\/wp-json\/wp\/v2\/users\/2"}],"replies":[{"embeddable":true,"href":"http:\/\/fonixfogado.hu\/de\/wp-json\/wp\/v2\/comments?post=26"}],"version-history":[{"count":1,"href":"http:\/\/fonixfogado.hu\/de\/wp-json\/wp\/v2\/pages\/26\/revisions"}],"predecessor-version":[{"id":2612,"href":"http:\/\/fonixfogado.hu\/de\/wp-json\/wp\/v2\/pages\/26\/revisions\/2612"}],"wp:featuredmedia":[{"embeddable":true,"href":"http:\/\/fonixfogado.hu\/de\/wp-json\/wp\/v2\/media\/154"}],"wp:attachment":[{"href":"http:\/\/fonixfogado.hu\/de\/wp-json\/wp\/v2\/media?parent=26"}],"curies":[{"name":"wp","href":"https:\/\/api.w.org\/{rel}","templated":true}]}}