{"id":10,"date":"2015-07-01T11:12:03","date_gmt":"2015-07-01T09:12:03","guid":{"rendered":"http:\/\/fonixfogado.hu\/?page_id=10"},"modified":"2025-12-22T14:52:21","modified_gmt":"2025-12-22T12:52:21","slug":"panzio","status":"publish","type":"page","link":"http:\/\/fonixfogado.hu\/en\/panzio\/","title":{"rendered":"Pension"},"content":{"rendered":"<p>\n\t\t<style type=\"text\/css\">\n\t\t\t#gallery-3 {\n\t\t\t\tmargin: auto;\n\t\t\t}\n\t\t\t#gallery-3 .gallery-item {\n\t\t\t\tfloat: left;\n\t\t\t\tmargin-top: 10px;\n\t\t\t\ttext-align: center;\n\t\t\t\twidth: 25%;\n\t\t\t}\n\t\t\t#gallery-3 img {\n\t\t\t\tborder: 2px solid #cfcfcf;\n\t\t\t}\n\t\t\t#gallery-3 .gallery-caption {\n\t\t\t\tmargin-left: 0;\n\t\t\t}\n\t\t\t\/* see gallery_shortcode() in wp-includes\/media.php *\/\n\t\t<\/style>\n\t\t<div id='gallery-3' class='gallery galleryid-10 gallery-columns-4 gallery-size-thumbnail'><dl class='gallery-item'>\n\t\t\t<dt class='gallery-icon landscape'>\n\t\t\t\t<a class=\"grouped_elements\" rel=\"tc-fancybox-group\" href=\"http:\/\/fonixfogado.hu\/wp-content\/uploads\/2015\/07\/img00013-1.jpg\" title=\"&quot;A&quot; panzi\u00f3\"><img loading=\"lazy\" decoding=\"async\" width=\"150\" height=\"150\" src=\"http:\/\/fonixfogado.hu\/wp-content\/uploads\/2015\/07\/img00013-1-150x150.jpg\" class=\"attachment-thumbnail size-thumbnail\" alt=\"\" \/><\/a>\n\t\t\t<\/dt>\n\t\t\t\t<dd class='wp-caption-text gallery-caption' id='gallery-3-8'>\n\t\t\t\t&#8220;A&#8221; panzi\u00f3 el\u0151t\u00e9r\n\t\t\t\t<\/dd><\/dl><dl class='gallery-item'>\n\t\t\t<dt class='gallery-icon landscape'>\n\t\t\t\t<a class=\"grouped_elements\" rel=\"tc-fancybox-group\" href=\"http:\/\/fonixfogado.hu\/wp-content\/uploads\/2015\/07\/img00004-1.jpg\" title=\"img00004 (1)\"><img loading=\"lazy\" decoding=\"async\" width=\"150\" height=\"150\" src=\"http:\/\/fonixfogado.hu\/wp-content\/uploads\/2015\/07\/img00004-1-150x150.jpg\" class=\"attachment-thumbnail size-thumbnail\" alt=\"\" \/><\/a>\n\t\t\t<\/dt><\/dl><dl class='gallery-item'>\n\t\t\t<dt class='gallery-icon landscape'>\n\t\t\t\t<a class=\"grouped_elements\" rel=\"tc-fancybox-group\" href=\"http:\/\/fonixfogado.hu\/wp-content\/uploads\/2015\/07\/img00004.jpg\" title=\"img00004\"><img loading=\"lazy\" decoding=\"async\" width=\"150\" height=\"150\" src=\"http:\/\/fonixfogado.hu\/wp-content\/uploads\/2015\/07\/img00004-150x150.jpg\" class=\"attachment-thumbnail size-thumbnail\" alt=\"\" \/><\/a>\n\t\t\t<\/dt>\n\t\t\t\t<dd class='wp-caption-text gallery-caption' id='gallery-3-5'>\n\t\t\t\t&#8220;A&#8221; panzi\u00f3\n\t\t\t\t<\/dd><\/dl>\n\t\t\t<br style='clear: both' \/>\n\t\t<\/div>\n<\/p>\n<p>Dear visitors, our prospective guests!<\/p>\n<p>Please let us introduce the supply of our guesthouse. We\u2019ve opened our guesthouse as a family<br \/>\nbusiness in 2002. We\u2019ve had 6 rooms and 17 beds back then.<br \/>\nWe also have a restaurant that has space for 80 guests. You can choose from a great variety there<br \/>\nsuch as specialities of Zala, international gastronomy and modern dishes.<br \/>\nIn February 2020 we\u2019ve successfully expand our space, we\u2019ve created an another guesthouse with 9<br \/>\nnew rooms. It\u2019s absolutely suitable with its 18 beds for demanding guests of modern times. A kitchen<br \/>\nand a small eatery belongs to every room. We\u2019ve also thought about our disabled guests.<\/p>\n<p>Our guests can choose from two price-categories. The first one is building A can be found right<br \/>\nabove the restaurant. This is our older guesthouse. There\u2019s 5 rooms that can be reserved. 1 with 2<br \/>\nbeds, 2 with 3 beds and last, but not least 2 with 4 beds. Every room has a bathroom with a shower.<br \/>\nThere can be found a hairdryer, too. The rooms are air-conditioned.<br \/>\nIn 50 metres, there is building B with 9 rooms in it, all rooms have the same facilites as building A. 8<br \/>\nof the rooms have the possibility of making food. Unfortunately part B hasn\u2019t got air-conditioning<br \/>\nyet.<br \/>\nThe reception where you need to check in is at building A.<br \/>\nOur guesthouse lays 600 m away from the local Thermal Spa and the fisherman-paradise is 1 km<br \/>\naway from us.<br \/>\nThere are plenty of bike paths in our area, for which we also provide bike use for free.<br \/>\nGreat hiking programs await our guests in the neighbouring Slovenia and the villages of \u00d6rs\u00e9g and<br \/>\nG\u00f6csej a few kms away. Detailed program guides can be found in the rooms.<br \/>\nVirtual walk<br \/>\nBased on registration by phone, our guests receive a 50% discount at the dermatology clinic in case<br \/>\ntaking advantage of skin cancer screening. (www.borgyogyaszmost.hu)<\/p>\n<p>Accepted payments:<br \/>\nCash (HUF) , bank transfer, Credit Card (VISA, MasterCard)<br \/>\n<\/p>","protected":false},"excerpt":{"rendered":"<p>Dear visitors, our prospective guests! Please let us introduce the supply of our guesthouse. We\u2019ve opened our guesthouse as a family business in 2002. We\u2019ve had 6 rooms and 17 beds back then. We also have a restaurant that has space for 80 guests. You can choose from a great variety there such as specialities [&hellip;]<\/p>\n","protected":false},"author":2,"featured_media":1277,"parent":0,"menu_order":0,"comment_status":"closed","ping_status":"closed","template":"","meta":{"footnotes":""},"class_list":["post-10","page","type-page","status-publish","has-post-thumbnail","czr-hentry"],"_links":{"self":[{"href":"http:\/\/fonixfogado.hu\/en\/wp-json\/wp\/v2\/pages\/10","targetHints":{"allow":["GET"]}}],"collection":[{"href":"http:\/\/fonixfogado.hu\/en\/wp-json\/wp\/v2\/pages"}],"about":[{"href":"http:\/\/fonixfogado.hu\/en\/wp-json\/wp\/v2\/types\/page"}],"author":[{"embeddable":true,"href":"http:\/\/fonixfogado.hu\/en\/wp-json\/wp\/v2\/users\/2"}],"replies":[{"embeddable":true,"href":"http:\/\/fonixfogado.hu\/en\/wp-json\/wp\/v2\/comments?post=10"}],"version-history":[{"count":1,"href":"http:\/\/fonixfogado.hu\/en\/wp-json\/wp\/v2\/pages\/10\/revisions"}],"predecessor-version":[{"id":2616,"href":"http:\/\/fonixfogado.hu\/en\/wp-json\/wp\/v2\/pages\/10\/revisions\/2616"}],"wp:featuredmedia":[{"embeddable":true,"href":"http:\/\/fonixfogado.hu\/en\/wp-json\/wp\/v2\/media\/1277"}],"wp:attachment":[{"href":"http:\/\/fonixfogado.hu\/en\/wp-json\/wp\/v2\/media?parent=10"}],"curies":[{"name":"wp","href":"https:\/\/api.w.org\/{rel}","templated":true}]}}