{"id":18,"date":"2015-07-01T11:18:34","date_gmt":"2015-07-01T09:18:34","guid":{"rendered":"http:\/\/fonixfogado.hu\/?page_id=18"},"modified":"2026-01-12T13:44:52","modified_gmt":"2026-01-12T11:44:52","slug":"arak","status":"publish","type":"page","link":"https:\/\/fonixfogado.hu\/en\/arak\/","title":{"rendered":"Prices"},"content":{"rendered":"<p><\/p>\n<table border=\"1\">\n<tbody>\n<tr>\n<td style=\"padding-left: 10px;\" valign=\"top\">1 night\u00a0 for 1 person in building A.\u00a0with breakfast.\u00a0 \u00a0 \u00a0 \u00a0 \u00a0 \u00a0 \u00a0 \u00a0 \u00a0 \u00a0 \u00a0 \u00a0 \u00a0 \u00a0 \u00a0 \u00a0 \u00a0 \u00a0 15 500 Huf \/\/ 38 \u20ac<\/p>\n<p>1 night\u00a0 for 1 person in building B. with breakfast.\u00a0 \u00a0 \u00a0 \u00a0 \u00a0 \u00a0 \u00a0 \u00a0 \u00a0 \u00a0 \u00a0 \u00a0 \u00a0 \u00a0 \u00a0 \u00a0 \u00a0 \u00a0 16 500 Huf \/\/ 40\u20ac<\/td>\n<td valign=\"top\"><\/td>\n<\/tr>\n<tr>\n<td style=\"padding-left: 10px;\">1 Night for 2 Person in building A with breakfast.\u00a0 \u00a0 \u00a0 \u00a0 \u00a0 \u00a0 \u00a0 \u00a0 \u00a0 \u00a0 \u00a0 \u00a0 \u00a0 \u00a0 \u00a0 \u00a0 \u00a0 \u00a0 \u00a0 25 000 Huf \/\/ 60 \u20ac<\/p>\n<p>1 Night for 2 Person in building B with breakfast.\u00a0 \u00a0 \u00a0 \u00a0 \u00a0 \u00a0 \u00a0 \u00a0 \u00a0 \u00a0 \u00a0 \u00a0 \u00a0 \u00a0 \u00a0 \u00a0 \u00a0 \u00a0 \u00a0 \u00a026 500 Huf \/\/ 63 \u20ac<\/td>\n<td><\/td>\n<\/tr>\n<tr>\n<td style=\"padding-left: 10px;\">1 Night for 3 Person in building A with breakfast.\u00a0 \u00a0 \u00a0 \u00a0 \u00a0 \u00a0 \u00a0 \u00a0 \u00a0 \u00a0 \u00a0 \u00a0 \u00a0 \u00a0 \u00a0 \u00a0 \u00a0 \u00a0 \u00a0 \u00a0 \u00a031 000 Huf \/\/ 75 \u20ac<\/p>\n<p>1 Night for 2 Person+1 Child in building B with breakfast.\u00a0 \u00a0 \u00a0 \u00a0 \u00a0 \u00a0 \u00a0 \u00a0 \u00a0 \u00a0 \u00a0 \u00a0 \u00a0 \u00a0 34 000 Huf \/\/ 82 \u20ac<\/td>\n<td><\/td>\n<\/tr>\n<tr>\n<td style=\"padding-left: 10px;\">1 Night for 4 Person in building A with breakfast.\u00a0 \u00a0 \u00a0 \u00a0 \u00a0 \u00a0 \u00a0 \u00a0 \u00a0 \u00a0 \u00a0 \u00a0 \u00a0 \u00a0 \u00a0 \u00a0 \u00a0 \u00a0 \u00a0 \u00a0 \u00a0 39 000 Huf \/\/ 95 \u20ac<\/p>\n<p>1 Night 2 adults 2 children in building A with breakfast\u00a0 \u00a0 \u00a0 \u00a0 \u00a0 \u00a0 \u00a0 \u00a0 \u00a0 \u00a0 \u00a0 \u00a0 \u00a0 \u00a0 \u00a0 \u00a0 33 000Huf \/\/ 80 \u20ac<\/p>\n<p>1 Night 2 adults 2 children in building B with breakfast\u00a0 \u00a0 \u00a0 \u00a0 \u00a0 \u00a0 \u00a0 \u00a0 \u00a0 \u00a0 \u00a0 \u00a0 \u00a0 \u00a0 \u00a0 \u00a0 35 000Huf \/\/ 85 \u20ac<\/td>\n<td><\/td>\n<\/tr>\n<tr>\n<td style=\"padding-left: 10px;\" colspan=\"2\"><\/td>\n<\/tr>\n<\/tbody>\n<\/table>\n<p>The\u00a0touristtax\u00a0(550Huf) prices do not include.<\/p>\n<table border=\"1\">\n<tbody>\n<tr>\n<td style=\"padding-left: 10px;\" colspan=\"2\">Discounts<\/td>\n<\/tr>\n<tr>\n<td style=\"padding-left: 10px;\">Children under 16<\/td>\n<td>\n<div align=\"right\">50%<\/div>\n<\/td>\n<\/tr>\n<\/tbody>\n<\/table>\n<h2>Online foglal\u00e1s<\/h2>\n\n<div class=\"wpcf7 no-js\" id=\"wpcf7-f66-o3\" lang=\"hu-HU\" dir=\"ltr\" data-wpcf7-id=\"66\">\n<div class=\"screen-reader-response\"><p role=\"status\" aria-live=\"polite\" aria-atomic=\"true\"><\/p> <ul><\/ul><\/div>\n<form action=\"\/en\/wp-json\/wp\/v2\/pages\/18#wpcf7-f66-o3\" method=\"post\" class=\"wpcf7-form init\" aria-label=\"Kapcsolatfelv\u00e9teli \u0171rlap\" novalidate=\"novalidate\" data-status=\"init\">\n<fieldset class=\"hidden-fields-container\"><input type=\"hidden\" name=\"_wpcf7\" value=\"66\" \/><input type=\"hidden\" name=\"_wpcf7_version\" value=\"6.1.4\" \/><input type=\"hidden\" name=\"_wpcf7_locale\" value=\"hu_HU\" \/><input type=\"hidden\" name=\"_wpcf7_unit_tag\" value=\"wpcf7-f66-o3\" \/><input type=\"hidden\" name=\"_wpcf7_container_post\" value=\"0\" \/><input type=\"hidden\" name=\"_wpcf7_posted_data_hash\" value=\"\" \/>\n<\/fieldset>\n<p>N\u00e9v\/Name*\n<\/p>\n<p><span class=\"wpcf7-form-control-wrap\" data-name=\"your-name\"><input size=\"40\" maxlength=\"400\" class=\"wpcf7-form-control wpcf7-text wpcf7-validates-as-required\" aria-required=\"true\" aria-invalid=\"false\" value=\"\" type=\"text\" name=\"your-name\" \/><\/span>\n<\/p>\n<p>C\u00edm\/Address*\n<\/p>\n<p><span class=\"wpcf7-form-control-wrap\" data-name=\"cim\"><input size=\"40\" maxlength=\"400\" class=\"wpcf7-form-control wpcf7-text wpcf7-validates-as-required\" aria-required=\"true\" aria-invalid=\"false\" value=\"\" type=\"text\" name=\"cim\" \/><\/span>\n<\/p>\n<p>E-mail c\u00edm\/Email*\n<\/p>\n<p><span class=\"wpcf7-form-control-wrap\" data-name=\"your-email\"><input size=\"40\" maxlength=\"400\" class=\"wpcf7-form-control wpcf7-email wpcf7-validates-as-required wpcf7-text wpcf7-validates-as-email\" aria-required=\"true\" aria-invalid=\"false\" value=\"\" type=\"email\" name=\"your-email\" \/><\/span>\n<\/p>\n<p>Telefon\/Phone*\n<\/p>\n<p><span class=\"wpcf7-form-control-wrap\" data-name=\"tel-649\"><input size=\"40\" maxlength=\"400\" class=\"wpcf7-form-control wpcf7-tel wpcf7-validates-as-required wpcf7-text wpcf7-validates-as-tel\" aria-required=\"true\" aria-invalid=\"false\" value=\"\" type=\"tel\" name=\"tel-649\" \/><\/span>\n<\/p>\n<p>\u00c9rkez\u00e9s napja\/Check-in Date*\n<\/p>\n<p><span class=\"wpcf7-form-control-wrap\" data-name=\"date-632\"><input class=\"wpcf7-form-control wpcf7-date wpcf7-validates-as-required wpcf7-validates-as-date\" aria-required=\"true\" aria-invalid=\"false\" value=\"\" type=\"date\" name=\"date-632\" \/><\/span>\n<\/p>\n<p>\u00c9jszak\u00e1k sz\u00e1ma\/Nights*\n<\/p>\n<p><span class=\"wpcf7-form-control-wrap\" data-name=\"menu-182\"><select class=\"wpcf7-form-control wpcf7-select wpcf7-validates-as-required\" aria-required=\"true\" aria-invalid=\"false\" name=\"menu-182\"><option value=\"1\">1<\/option><option value=\"2\">2<\/option><option value=\"3\">3<\/option><option value=\"4\">4<\/option><option value=\"5\">5<\/option><option value=\"6\">6<\/option><option value=\"7\">7<\/option><option value=\"8\">8<\/option><option value=\"9\">9<\/option><option value=\"10\">10<\/option><option value=\"11\">11<\/option><option value=\"12\">12<\/option><option value=\"13\">13<\/option><option value=\"14\">14<\/option><option value=\"15\">15<\/option><option value=\"16\">16<\/option><option value=\"17\">17<\/option><option value=\"18\">18<\/option><option value=\"19\">19<\/option><option value=\"20\">20<\/option><option value=\"21\">21<\/option><option value=\"22\">22<\/option><option value=\"23\">23<\/option><option value=\"24\">24<\/option><option value=\"25\">25<\/option><option value=\"26\">26<\/option><option value=\"27\">27<\/option><option value=\"28\">28<\/option><option value=\"29\">29<\/option><option value=\"30\">30<\/option><\/select><\/span>\n<\/p>\n<p>Feln\u0151ttek sz\u00e1ma\/Adults*\n<\/p>\n<p><span class=\"wpcf7-form-control-wrap\" data-name=\"menu-183\"><select class=\"wpcf7-form-control wpcf7-select wpcf7-validates-as-required\" aria-required=\"true\" aria-invalid=\"false\" name=\"menu-183\"><option value=\"1\">1<\/option><option value=\"2\">2<\/option><option value=\"3\">3<\/option><option value=\"4\">4<\/option><option value=\"5\">5<\/option><option value=\"6\">6<\/option><option value=\"7\">7<\/option><option value=\"8\">8<\/option><option value=\"9\">9<\/option><option value=\"10\">10<\/option><option value=\"11\">11<\/option><option value=\"12\">12<\/option><option value=\"13\">13<\/option><option value=\"14\">14<\/option><option value=\"15\">15<\/option><option value=\"16\">16<\/option><option value=\"17\">17<\/option><option value=\"18\">18<\/option><option value=\"19\">19<\/option><option value=\"20\">20<\/option><\/select><\/span>\n<\/p>\n<p>Gyermekek sz\u00e1ma (16 \u00e9ves korig)\/Children (under 16)\n<\/p>\n<p><span class=\"wpcf7-form-control-wrap\" data-name=\"menu-184\"><select class=\"wpcf7-form-control wpcf7-select\" aria-invalid=\"false\" name=\"menu-184\"><option value=\"0\">0<\/option><option value=\"1\">1<\/option><option value=\"2\">2<\/option><option value=\"3\">3<\/option><option value=\"4\">4<\/option><option value=\"5\">5<\/option><option value=\"6\">6<\/option><option value=\"7\">7<\/option><option value=\"8\">8<\/option><option value=\"9\">9<\/option><option value=\"10\">10<\/option><option value=\"11\">11<\/option><option value=\"12\">12<\/option><option value=\"13\">13<\/option><option value=\"14\">14<\/option><option value=\"15\">15<\/option><option value=\"16\">16<\/option><option value=\"17\">17<\/option><option value=\"18\">18<\/option><option value=\"19\">19<\/option><option value=\"20\">20<\/option><\/select><\/span>\n<\/p>\n<p>Egy\u00e9b megjegyz\u00e9se\/Note\n<\/p>\n<p><span class=\"wpcf7-form-control-wrap\" data-name=\"your-message\"><textarea cols=\"40\" rows=\"10\" maxlength=\"2000\" class=\"wpcf7-form-control wpcf7-textarea\" aria-invalid=\"false\" name=\"your-message\"><\/textarea><\/span>\n<\/p>\n<p><input class=\"wpcf7-form-control wpcf7-submit has-spinner\" type=\"submit\" value=\"K\u00fcld\u00e9s\/Send\" \/>\n<\/p><div class=\"wpcf7-response-output\" aria-hidden=\"true\"><\/div>\n<\/form>\n<\/div>\n\n<p><strong>Phone<\/strong><br \/>\nMobil: 36-30\/552-3693<br \/>\nTel.: 36-92\/351-825<\/p>\n<p><strong>Email<\/strong><br \/>\ninfo@fonixfogado.hu<\/p>","protected":false},"excerpt":{"rendered":"<p>1 night\u00a0 for 1 person in building A.\u00a0with breakfast.\u00a0 \u00a0 \u00a0 \u00a0 \u00a0 \u00a0 \u00a0 \u00a0 \u00a0 \u00a0 \u00a0 \u00a0 \u00a0 \u00a0 \u00a0 \u00a0 \u00a0 \u00a0 15 500 Huf \/\/ 38 \u20ac 1 night\u00a0 for 1 person in building B. with breakfast.\u00a0 \u00a0 \u00a0 \u00a0 \u00a0 \u00a0 \u00a0 \u00a0 \u00a0 \u00a0 \u00a0 \u00a0 \u00a0 \u00a0 [&hellip;]<\/p>\n","protected":false},"author":2,"featured_media":152,"parent":0,"menu_order":0,"comment_status":"closed","ping_status":"closed","template":"","meta":{"footnotes":""},"class_list":["post-18","page","type-page","status-publish","has-post-thumbnail","czr-hentry"],"_links":{"self":[{"href":"https:\/\/fonixfogado.hu\/en\/wp-json\/wp\/v2\/pages\/18","targetHints":{"allow":["GET"]}}],"collection":[{"href":"https:\/\/fonixfogado.hu\/en\/wp-json\/wp\/v2\/pages"}],"about":[{"href":"https:\/\/fonixfogado.hu\/en\/wp-json\/wp\/v2\/types\/page"}],"author":[{"embeddable":true,"href":"https:\/\/fonixfogado.hu\/en\/wp-json\/wp\/v2\/users\/2"}],"replies":[{"embeddable":true,"href":"https:\/\/fonixfogado.hu\/en\/wp-json\/wp\/v2\/comments?post=18"}],"version-history":[{"count":11,"href":"https:\/\/fonixfogado.hu\/en\/wp-json\/wp\/v2\/pages\/18\/revisions"}],"predecessor-version":[{"id":2655,"href":"https:\/\/fonixfogado.hu\/en\/wp-json\/wp\/v2\/pages\/18\/revisions\/2655"}],"wp:featuredmedia":[{"embeddable":true,"href":"https:\/\/fonixfogado.hu\/en\/wp-json\/wp\/v2\/media\/152"}],"wp:attachment":[{"href":"https:\/\/fonixfogado.hu\/en\/wp-json\/wp\/v2\/media?parent=18"}],"curies":[{"name":"wp","href":"https:\/\/api.w.org\/{rel}","templated":true}]}}